{"id":7,"date":"2022-08-09T10:11:52","date_gmt":"2022-08-09T10:11:52","guid":{"rendered":"https:\/\/www.rafaelmedic.sk\/?page_id=7"},"modified":"2025-04-01T12:15:17","modified_gmt":"2025-04-01T12:15:17","slug":"domov","status":"publish","type":"page","link":"https:\/\/www.rafaelmedic.sk\/","title":{"rendered":"Domov"},"content":{"rendered":"\t\t<div data-elementor-type=\"wp-page\" data-elementor-id=\"7\" class=\"elementor elementor-7\">\n\t\t\t\t\t\t<section class=\"elementor-section elementor-top-section elementor-element elementor-element-5613dfd elementor-section-boxed elementor-section-height-default elementor-section-height-default\" data-id=\"5613dfd\" data-element_type=\"section\">\n\t\t\t\t\t\t<div class=\"elementor-container elementor-column-gap-default\">\n\t\t\t\t\t<div class=\"elementor-column elementor-col-100 elementor-top-column elementor-element elementor-element-f1ecac0\" data-id=\"f1ecac0\" data-element_type=\"column\">\n\t\t\t<div class=\"elementor-widget-wrap elementor-element-populated\">\n\t\t\t\t\t\t<div class=\"elementor-element elementor-element-0c721ef elementor-widget elementor-widget-text-editor\" data-id=\"0c721ef\" data-element_type=\"widget\" data-widget_type=\"text-editor.default\">\n\t\t\t\t<div class=\"elementor-widget-container\">\n\t\t\t\t\t\t\t\t\t<p>Vitajte na str\u00e1nke Ambulancie v\u0161eobecn\u00e9ho lek\u00e1ra pre dospel\u00fdch v Spi\u0161skom Bystrom.<\/p><p><span style=\"color: var( --e-global-color-text ); font-family: var( --e-global-typography-text-font-family ), Sans-serif; font-weight: var( --e-global-typography-text-font-weight ); background-color: var(--base-3);\">Pomocou t\u00fdchto tla\u010didiel sa m\u00f4\u017eete objedna\u0165 k lek\u00e1rovi, alebo zdravotnej sestre a takisto po\u017eiada\u0165 o vyp\u00edsanie E-receptu.<\/span><\/p>\t\t\t\t\t\t\t\t<\/div>\n\t\t\t\t<\/div>\n\t\t\t\t\t<\/div>\n\t\t<\/div>\n\t\t\t\t\t<\/div>\n\t\t<\/section>\n\t\t\t\t<section class=\"elementor-section elementor-top-section elementor-element elementor-element-76fa62c elementor-section-boxed elementor-section-height-default elementor-section-height-default\" data-id=\"76fa62c\" data-element_type=\"section\">\n\t\t\t\t\t\t<div class=\"elementor-container elementor-column-gap-default\">\n\t\t\t\t\t<div class=\"elementor-column elementor-col-50 elementor-top-column elementor-element elementor-element-b208e03\" data-id=\"b208e03\" data-element_type=\"column\">\n\t\t\t<div class=\"elementor-widget-wrap elementor-element-populated\">\n\t\t\t\t\t\t<div class=\"elementor-element elementor-element-40a24b7 elementor-align-center elementor-widget elementor-widget-button\" data-id=\"40a24b7\" data-element_type=\"widget\" data-widget_type=\"button.default\">\n\t\t\t\t<div class=\"elementor-widget-container\">\n\t\t\t\t\t\t\t\t\t<div class=\"elementor-button-wrapper\">\n\t\t\t\t\t<a class=\"elementor-button elementor-button-link elementor-size-xl\" href=\"https:\/\/www.ecasenka.sk\/ordinacia\/mudrmarcelakrettova-lekar\">\n\t\t\t\t\t\t<span class=\"elementor-button-content-wrapper\">\n\t\t\t\t\t\t\t\t\t<span class=\"elementor-button-text\">Lek\u00e1r<\/span>\n\t\t\t\t\t<\/span>\n\t\t\t\t\t<\/a>\n\t\t\t\t<\/div>\n\t\t\t\t\t\t\t\t<\/div>\n\t\t\t\t<\/div>\n\t\t\t\t\t<\/div>\n\t\t<\/div>\n\t\t\t\t<div class=\"elementor-column elementor-col-50 elementor-top-column elementor-element elementor-element-34b43a9\" data-id=\"34b43a9\" data-element_type=\"column\">\n\t\t\t<div class=\"elementor-widget-wrap elementor-element-populated\">\n\t\t\t\t\t\t<div class=\"elementor-element elementor-element-679de53 elementor-align-center elementor-widget elementor-widget-button\" data-id=\"679de53\" data-element_type=\"widget\" data-widget_type=\"button.default\">\n\t\t\t\t<div class=\"elementor-widget-container\">\n\t\t\t\t\t\t\t\t\t<div class=\"elementor-button-wrapper\">\n\t\t\t\t\t<a class=\"elementor-button elementor-button-link elementor-size-xl\" href=\"https:\/\/www.ecasenka.sk\/ordinacia\/mudrmarcelakrettova-sestraanastaziajakubcakova\">\n\t\t\t\t\t\t<span class=\"elementor-button-content-wrapper\">\n\t\t\t\t\t\t\t\t\t<span class=\"elementor-button-text\">Sestra<\/span>\n\t\t\t\t\t<\/span>\n\t\t\t\t\t<\/a>\n\t\t\t\t<\/div>\n\t\t\t\t\t\t\t\t<\/div>\n\t\t\t\t<\/div>\n\t\t\t\t\t<\/div>\n\t\t<\/div>\n\t\t\t\t\t<\/div>\n\t\t<\/section>\n\t\t\t\t<section class=\"elementor-section elementor-top-section elementor-element elementor-element-5e07b4b elementor-section-boxed elementor-section-height-default elementor-section-height-default\" data-id=\"5e07b4b\" data-element_type=\"section\">\n\t\t\t\t\t\t<div class=\"elementor-container elementor-column-gap-default\">\n\t\t\t\t\t<div class=\"elementor-column elementor-col-100 elementor-top-column elementor-element elementor-element-dd19dd5\" data-id=\"dd19dd5\" data-element_type=\"column\">\n\t\t\t<div class=\"elementor-widget-wrap elementor-element-populated\">\n\t\t\t\t\t\t<div class=\"elementor-element elementor-element-8020a24 elementor-invisible elementor-widget elementor-widget-text-editor\" data-id=\"8020a24\" data-element_type=\"widget\" data-settings=\"{&quot;_animation&quot;:&quot;flash&quot;}\" data-widget_type=\"text-editor.default\">\n\t\t\t\t<div class=\"elementor-widget-container\">\n\t\t\t\t\t\t\t\t\t<h4 style=\"text-align: center;\"><strong><span style=\"color: #ff0000;\">FLASH: Vy\u0161etrenia ABI Index<\/span><\/strong><\/h4>\t\t\t\t\t\t\t\t<\/div>\n\t\t\t\t<\/div>\n\t\t\t\t\t<\/div>\n\t\t<\/div>\n\t\t\t\t\t<\/div>\n\t\t<\/section>\n\t\t\t\t<\/div>\n\t\t","protected":false},"excerpt":{"rendered":"<p>Vitajte na str\u00e1nke Ambulancie v\u0161eobecn\u00e9ho lek\u00e1ra pre dospel\u00fdch v Spi\u0161skom Bystrom. Pomocou t\u00fdchto tla\u010didiel sa m\u00f4\u017eete objedna\u0165 k lek\u00e1rovi, alebo zdravotnej sestre a takisto po\u017eiada\u0165 o vyp\u00edsanie E-receptu. Lek\u00e1r Sestra FLASH: Vy\u0161etrenia ABI Index<\/p>\n","protected":false},"author":1,"featured_media":0,"parent":0,"menu_order":0,"comment_status":"closed","ping_status":"closed","template":"","meta":{"_monsterinsights_skip_tracking":false,"_monsterinsights_sitenote_active":false,"_monsterinsights_sitenote_note":"","_monsterinsights_sitenote_category":0,"footnotes":""},"class_list":["post-7","page","type-page","status-publish"],"yoast_head":"<!-- This site is optimized with the Yoast SEO plugin v24.8 - https:\/\/yoast.com\/wordpress\/plugins\/seo\/ -->\n<title>Domov - Rafaelmedic<\/title>\n<meta name=\"robots\" content=\"index, follow, max-snippet:-1, max-image-preview:large, max-video-preview:-1\" \/>\n<link rel=\"canonical\" href=\"https:\/\/www.rafaelmedic.sk\/\" \/>\n<meta property=\"og:locale\" content=\"sk_SK\" \/>\n<meta property=\"og:type\" content=\"article\" \/>\n<meta property=\"og:title\" content=\"Domov - Rafaelmedic\" \/>\n<meta property=\"og:description\" content=\"Vitajte na str\u00e1nke Ambulancie v\u0161eobecn\u00e9ho lek\u00e1ra pre dospel\u00fdch v Spi\u0161skom Bystrom. Pomocou t\u00fdchto tla\u010didiel sa m\u00f4\u017eete objedna\u0165 k lek\u00e1rovi, alebo zdravotnej sestre a takisto po\u017eiada\u0165 o vyp\u00edsanie E-receptu. Lek\u00e1r Sestra FLASH: Vy\u0161etrenia ABI Index\" \/>\n<meta property=\"og:url\" content=\"https:\/\/www.rafaelmedic.sk\/\" \/>\n<meta property=\"og:site_name\" content=\"Rafaelmedic\" \/>\n<meta property=\"article:modified_time\" content=\"2025-04-01T12:15:17+00:00\" \/>\n<meta name=\"twitter:card\" content=\"summary_large_image\" \/>\n<meta name=\"twitter:label1\" content=\"Predpokladan\u00fd \u010das \u010d\u00edtania\" \/>\n\t<meta name=\"twitter:data1\" content=\"1 min\u00fata\" \/>\n<script type=\"application\/ld+json\" class=\"yoast-schema-graph\">{\"@context\":\"https:\/\/schema.org\",\"@graph\":[{\"@type\":\"WebPage\",\"@id\":\"https:\/\/www.rafaelmedic.sk\/\",\"url\":\"https:\/\/www.rafaelmedic.sk\/\",\"name\":\"Domov - Rafaelmedic\",\"isPartOf\":{\"@id\":\"https:\/\/www.rafaelmedic.sk\/#website\"},\"datePublished\":\"2022-08-09T10:11:52+00:00\",\"dateModified\":\"2025-04-01T12:15:17+00:00\",\"breadcrumb\":{\"@id\":\"https:\/\/www.rafaelmedic.sk\/#breadcrumb\"},\"inLanguage\":\"sk-SK\",\"potentialAction\":[{\"@type\":\"ReadAction\",\"target\":[\"https:\/\/www.rafaelmedic.sk\/\"]}]},{\"@type\":\"BreadcrumbList\",\"@id\":\"https:\/\/www.rafaelmedic.sk\/#breadcrumb\",\"itemListElement\":[{\"@type\":\"ListItem\",\"position\":1,\"name\":\"Home\",\"item\":\"https:\/\/www.rafaelmedic.sk\/\"},{\"@type\":\"ListItem\",\"position\":2,\"name\":\"Domov\"}]},{\"@type\":\"WebSite\",\"@id\":\"https:\/\/www.rafaelmedic.sk\/#website\",\"url\":\"https:\/\/www.rafaelmedic.sk\/\",\"name\":\"Rafaelmedic\",\"description\":\"\u201eVesel\u00e1 myse\u013e a pokojn\u00e9 srdce s\u00fa najlep\u0161\u00edm liekom na zdravie.\u201c \",\"publisher\":{\"@id\":\"https:\/\/www.rafaelmedic.sk\/#organization\"},\"potentialAction\":[{\"@type\":\"SearchAction\",\"target\":{\"@type\":\"EntryPoint\",\"urlTemplate\":\"https:\/\/www.rafaelmedic.sk\/?s={search_term_string}\"},\"query-input\":{\"@type\":\"PropertyValueSpecification\",\"valueRequired\":true,\"valueName\":\"search_term_string\"}}],\"inLanguage\":\"sk-SK\"},{\"@type\":\"Organization\",\"@id\":\"https:\/\/www.rafaelmedic.sk\/#organization\",\"name\":\"Rafaelmedic\",\"url\":\"https:\/\/www.rafaelmedic.sk\/\",\"logo\":{\"@type\":\"ImageObject\",\"inLanguage\":\"sk-SK\",\"@id\":\"https:\/\/www.rafaelmedic.sk\/#\/schema\/logo\/image\/\",\"url\":\"https:\/\/www.rafaelmedic.sk\/wp-content\/uploads\/2022\/08\/cropped-cropped-logoamb_new-v2.jpg\",\"contentUrl\":\"https:\/\/www.rafaelmedic.sk\/wp-content\/uploads\/2022\/08\/cropped-cropped-logoamb_new-v2.jpg\",\"width\":1158,\"height\":280,\"caption\":\"Rafaelmedic\"},\"image\":{\"@id\":\"https:\/\/www.rafaelmedic.sk\/#\/schema\/logo\/image\/\"}}]}<\/script>\n<!-- \/ Yoast SEO plugin. -->","yoast_head_json":{"title":"Domov - Rafaelmedic","robots":{"index":"index","follow":"follow","max-snippet":"max-snippet:-1","max-image-preview":"max-image-preview:large","max-video-preview":"max-video-preview:-1"},"canonical":"https:\/\/www.rafaelmedic.sk\/","og_locale":"sk_SK","og_type":"article","og_title":"Domov - Rafaelmedic","og_description":"Vitajte na str\u00e1nke Ambulancie v\u0161eobecn\u00e9ho lek\u00e1ra pre dospel\u00fdch v Spi\u0161skom Bystrom. Pomocou t\u00fdchto tla\u010didiel sa m\u00f4\u017eete objedna\u0165 k lek\u00e1rovi, alebo zdravotnej sestre a takisto po\u017eiada\u0165 o vyp\u00edsanie E-receptu. Lek\u00e1r Sestra FLASH: Vy\u0161etrenia ABI Index","og_url":"https:\/\/www.rafaelmedic.sk\/","og_site_name":"Rafaelmedic","article_modified_time":"2025-04-01T12:15:17+00:00","twitter_card":"summary_large_image","twitter_misc":{"Predpokladan\u00fd \u010das \u010d\u00edtania":"1 min\u00fata"},"schema":{"@context":"https:\/\/schema.org","@graph":[{"@type":"WebPage","@id":"https:\/\/www.rafaelmedic.sk\/","url":"https:\/\/www.rafaelmedic.sk\/","name":"Domov - Rafaelmedic","isPartOf":{"@id":"https:\/\/www.rafaelmedic.sk\/#website"},"datePublished":"2022-08-09T10:11:52+00:00","dateModified":"2025-04-01T12:15:17+00:00","breadcrumb":{"@id":"https:\/\/www.rafaelmedic.sk\/#breadcrumb"},"inLanguage":"sk-SK","potentialAction":[{"@type":"ReadAction","target":["https:\/\/www.rafaelmedic.sk\/"]}]},{"@type":"BreadcrumbList","@id":"https:\/\/www.rafaelmedic.sk\/#breadcrumb","itemListElement":[{"@type":"ListItem","position":1,"name":"Home","item":"https:\/\/www.rafaelmedic.sk\/"},{"@type":"ListItem","position":2,"name":"Domov"}]},{"@type":"WebSite","@id":"https:\/\/www.rafaelmedic.sk\/#website","url":"https:\/\/www.rafaelmedic.sk\/","name":"Rafaelmedic","description":"\u201eVesel\u00e1 myse\u013e a pokojn\u00e9 srdce s\u00fa najlep\u0161\u00edm liekom na zdravie.\u201c ","publisher":{"@id":"https:\/\/www.rafaelmedic.sk\/#organization"},"potentialAction":[{"@type":"SearchAction","target":{"@type":"EntryPoint","urlTemplate":"https:\/\/www.rafaelmedic.sk\/?s={search_term_string}"},"query-input":{"@type":"PropertyValueSpecification","valueRequired":true,"valueName":"search_term_string"}}],"inLanguage":"sk-SK"},{"@type":"Organization","@id":"https:\/\/www.rafaelmedic.sk\/#organization","name":"Rafaelmedic","url":"https:\/\/www.rafaelmedic.sk\/","logo":{"@type":"ImageObject","inLanguage":"sk-SK","@id":"https:\/\/www.rafaelmedic.sk\/#\/schema\/logo\/image\/","url":"https:\/\/www.rafaelmedic.sk\/wp-content\/uploads\/2022\/08\/cropped-cropped-logoamb_new-v2.jpg","contentUrl":"https:\/\/www.rafaelmedic.sk\/wp-content\/uploads\/2022\/08\/cropped-cropped-logoamb_new-v2.jpg","width":1158,"height":280,"caption":"Rafaelmedic"},"image":{"@id":"https:\/\/www.rafaelmedic.sk\/#\/schema\/logo\/image\/"}}]}},"_links":{"self":[{"href":"https:\/\/www.rafaelmedic.sk\/index.php?rest_route=\/wp\/v2\/pages\/7","targetHints":{"allow":["GET"]}}],"collection":[{"href":"https:\/\/www.rafaelmedic.sk\/index.php?rest_route=\/wp\/v2\/pages"}],"about":[{"href":"https:\/\/www.rafaelmedic.sk\/index.php?rest_route=\/wp\/v2\/types\/page"}],"author":[{"embeddable":true,"href":"https:\/\/www.rafaelmedic.sk\/index.php?rest_route=\/wp\/v2\/users\/1"}],"replies":[{"embeddable":true,"href":"https:\/\/www.rafaelmedic.sk\/index.php?rest_route=%2Fwp%2Fv2%2Fcomments&post=7"}],"version-history":[{"count":6,"href":"https:\/\/www.rafaelmedic.sk\/index.php?rest_route=\/wp\/v2\/pages\/7\/revisions"}],"predecessor-version":[{"id":420,"href":"https:\/\/www.rafaelmedic.sk\/index.php?rest_route=\/wp\/v2\/pages\/7\/revisions\/420"}],"wp:attachment":[{"href":"https:\/\/www.rafaelmedic.sk\/index.php?rest_route=%2Fwp%2Fv2%2Fmedia&parent=7"}],"curies":[{"name":"wp","href":"https:\/\/api.w.org\/{rel}","templated":true}]}}